{"id":1000,"date":"2022-02-09T16:44:28","date_gmt":"2022-02-09T14:44:28","guid":{"rendered":"https:\/\/demo.inacode.com\/gs\/?page_id=1000"},"modified":"2023-11-08T02:04:30","modified_gmt":"2023-11-08T00:04:30","slug":"politica-de-confidentialitate","status":"publish","type":"page","link":"https:\/\/voltgrid.ro\/en\/termeni-si-conditii\/politica-de-confidentialitate\/","title":{"rendered":"Privacy policy"},"content":{"rendered":"<p>This privacy policy describes how your personal information is collected, used and shared when you visit or make a purchase from<strong>&nbsp;<a href=\"https:\/\/voltgrid.ro\/en\/\">www.voltgrid.ro<\/a><\/strong>&nbsp;(\u201cthe website\u201d).<\/p>\n\n\n\n<h3 class=\"wp-block-heading\">Personal Information Collected<\/h3>\n\n\n\n<p>When you visit the Site, we automatically collect certain information about your device, including information about your Web browser, IP address, time zone, and some cookies installed on your device. In addition, as you browse the Site, we collect information about the individual web pages or products you view, which websites or search terms referred you to the Site, and information about how you interact with the Site. We refer to this automatically collected information as \u201cDevice Information\u201d. We collect device information using the following technologies: \u2013 \u201cCookies\u201d are data files that are placed on your device or computer and often include an anonymous unique identifier. For more information about cookies and how to disable cookies, visit&nbsp;<a href=\"http:\/\/www.allaboutcookies.org\/\" target=\"_blank\" rel=\"noreferrer noopener\">http:\/\/www.allaboutcookies.org<\/a>. \u2013 \u201cLogical file tracking actions\u201d that appear on the site and the collection of data, including your IP address, browser type, Internet service provider, sending \/ exiting pages and date \/ time stamps. - &quot;Web beacons&quot;, &quot;tags&quot; and &quot;pixels&quot; are electronic files used to record information about how you navigate the site. In addition, when you make a purchase or attempt to make a purchase through the Site, we collect certain information from you, including your name, billing address, shipping address, payment information (including credit card numbers credit)<\/p>\n\n\n\n<p>ANY OTHER PAYMENT TYPES ACCEPTED, email address and phone number. We refer to this information as &quot;Order Information&quot;. If we talk about &quot;Personal Information&quot; in this privacy policy, we are talking about both device information and order information.<\/p>\n\n\n\n<h3 class=\"wp-block-heading\">Any other information collected: offline data, mandatory bookmarking data \/ list \u2013 How we use your personal information<\/h3>\n\n\n\n<p>We use the order information we collect generally to fulfill any orders placed through the Site (including processing your payment information, arranging shipping, and providing invoices and\/or order confirmations). In addition, we use this Order Information to: \u2013 communicate with you; \u2013 display our orders of potential risk or fraud; and \u2013 In accordance with the preferences you have shared with us, we will provide you with information or advertising about our products or services. \u2013 Using device information we collect to help us monitor potential risks and fraud (in particular your IP address) and generally improve and optimize our website (for example, by generating analytics about how our customers navigate and interact with the Site and to evaluate the success of our marketing and advertising campaigns).<\/p>\n\n\n\n<h3 class=\"wp-block-heading\">Other uses of device information, including: advertising \/ retargeting against personal information<\/h3>\n\n\n\n<p>We share personal information with third parties to help us use our personal information as described above. For example, we use WooCommerce to provide our online store \u2013 you can read more about how WooCommerce uses your personal information here:&nbsp;<a href=\"https:\/\/automattic.com\/privacy\/\" target=\"_blank\" rel=\"noreferrer noopener\">https:\/\/automattic.com\/privacy\/<\/a>. We also use Google Analytics to help us understand how our customers use the Site \u2013 you can read more about how Google uses your personal information here:&nbsp;<a href=\"https:\/\/www.google.com\/intl\/ro\/policies\/privacy\/\" target=\"_blank\" rel=\"noreferrer noopener\">https:\/\/www.google.com\/intl\/ro\/policies\/privacy\/<\/a>. You can also opt out of Google Analytics here:&nbsp;<a href=\"https:\/\/tools.google.com\/dlpage\/gaoptout\" target=\"_blank\" rel=\"noopener noreferrer nofollow\">https:\/\/tools.google.com\/dlpage\/gaoptout<\/a>. Finally, we may also share your personal information to comply with applicable laws and regulations, to respond to a subpoena, search warrant or other lawful request for information we receive, or to otherwise protect ourselves the rights.<\/p>\n\n\n\n<h3 class=\"wp-block-heading\">Advertising realization<\/h3>\n\n\n\n<p>As we described above, we use your personal information to provide you with targeted advertising or marketing communications that we think may be of interest to you. For more information about how targeted advertising works, you can visit the educational page of the online advertising initiative (&quot;NAI&quot;) at\u00a0<a href=\"http:\/\/www.networkadvertising.org\/understanding-online-advertising\/how-does-it-work\" target=\"_blank\" rel=\"noopener noreferrer nofollow\">http:\/\/www.networkadvertising.org\/understanding-online-advertising\/how-does-it-work<\/a>. You can opt out of targeted advertising using the links below: \u2013 Facebook:\u00a0<a href=\"https:\/\/www.facebook.com\/settings\/?tab=ads\" target=\"_blank\" rel=\"noopener noreferrer nofollow\">https:\/\/www.facebook.com\/settings\/?tab=ads<\/a>\u00a0\u2013 Google:\u00a0<a href=\"https:\/\/www.google.com\/settings\/ads\/anonymous\" target=\"_blank\" rel=\"noreferrer noopener\">https:\/\/www.google.com\/settings\/ads\/anonymous<\/a>\u00a0\u2013 Bing:\u00a0<a href=\"https:\/\/advertise.bingads.microsoft.com\/en-us\/resources\/policies\/personalized-ads\" target=\"_blank\" rel=\"noreferrer noopener\">https:\/\/advertise.bingads.microsoft.com\/en-us\/resources\/policies\/personalized-ads<\/a><\/p>\n\n\n\n<h3 class=\"wp-block-heading\">Opt-out of the services used<\/h3>\n\n\n\n<p>You may opt-out of some of these services by accessing the Digital Advertising Alliance&#039;s advertising opt-out portal at:\u00a0<a href=\"http:\/\/optout.aboutads.info\/\" target=\"_blank\" rel=\"noreferrer noopener\">http:\/\/optout.aboutads.info\/<\/a>. Please note that we do not change our data collection and site usage practices when we see a signal from a browser.<\/p>\n\n\n\n<h3 class=\"wp-block-heading\">Your rights<\/h3>\n\n\n\n<p>You have the right to access the personal information we hold about you and to request that your personal information be corrected, updated or deleted. If you wish to exercise this right, please contact us using the contact information below. In addition, please note that we process your information in order to fulfill contracts we may have with you (for example, if you place an order through the Site) or otherwise to pursue our legitimate business interests listed above. up.<\/p>\n\n\n\n<h3 class=\"wp-block-heading\">Data Retention<\/h3>\n\n\n\n<p>When you place an order through the Site, we will retain your order information for our records, unless and until you ask us to delete that information.<\/p>\n\n\n\n<h3 class=\"wp-block-heading\">change<\/h3>\n\n\n\n<p>We may update this privacy policy from time to time to reflect, for example, changes to our practice or for other operational, legal or regulatory reasons.<\/p>\n\n\n\n<h3 class=\"wp-block-heading\">Contact<\/h3>\n\n\n\n<p>For more information about our privacy practices, if you have any questions or if you would like to make a complaint, please contact us by email at <strong><a href=\"mailto:office@voltgrid.ro\">office@voltgrid.ro<\/a><\/strong><\/p>\n\n    <div class=\"xs_social_share_widget xs_share_url after_content \t\tmain_content  wslu-style-1 wslu-share-box-shaped wslu-fill-colored wslu-none wslu-share-horizontal wslu-theme-font-no wslu-main_content\">\n\n\t\t\n        <ul>\n\t\t\t        <\/ul>\n    <\/div>","protected":false},"excerpt":{"rendered":"<p>Aceast\u0103 politic\u0103 de confidentialitate descrie modul \u00een care informatiile dvs. personale sunt colectate, utilizate \u0219i distribuite atunci c\u00e2nd vizitati sau faceti o achizitie de la&nbsp;www.voltgrid.ro&nbsp;(\u201csite-ul\u201d). Informa\u021bii persoanle colectate C\u00e2nd vizitati site-ul, colect\u0103m automat anumite informatii despre dispozitivul dvs., inclusiv informatii despre browserul dvs. Web, adresa IP, fusul orar \u0219i unele cookie-uri instalate pe dispozitiv. \u00cen [&hellip;]<\/p>\n","protected":false},"author":1,"featured_media":0,"parent":1004,"menu_order":32,"comment_status":"closed","ping_status":"closed","template":"","meta":{"site-sidebar-layout":"default","site-content-layout":"","ast-site-content-layout":"default","site-content-style":"default","site-sidebar-style":"default","ast-global-header-display":"","ast-banner-title-visibility":"","ast-main-header-display":"","ast-hfb-above-header-display":"","ast-hfb-below-header-display":"","ast-hfb-mobile-header-display":"","site-post-title":"","ast-breadcrumbs-content":"","ast-featured-img":"","footer-sml-layout":"","ast-disable-related-posts":"","theme-transparent-header-meta":"","adv-header-id-meta":"","stick-header-meta":"","header-above-stick-meta":"","header-main-stick-meta":"","header-below-stick-meta":"","astra-migrate-meta-layouts":"set","ast-page-background-enabled":"default","ast-page-background-meta":{"desktop":{"background-color":"","background-image":"","background-repeat":"repeat","background-position":"center center","background-size":"auto","background-attachment":"scroll","background-type":"","background-media":"","overlay-type":"","overlay-color":"","overlay-opacity":"","overlay-gradient":""},"tablet":{"background-color":"","background-image":"","background-repeat":"repeat","background-position":"center center","background-size":"auto","background-attachment":"scroll","background-type":"","background-media":"","overlay-type":"","overlay-color":"","overlay-opacity":"","overlay-gradient":""},"mobile":{"background-color":"","background-image":"","background-repeat":"repeat","background-position":"center center","background-size":"auto","background-attachment":"scroll","background-type":"","background-media":"","overlay-type":"","overlay-color":"","overlay-opacity":"","overlay-gradient":""}},"ast-content-background-meta":{"desktop":{"background-color":"var(--ast-global-color-5)","background-image":"","background-repeat":"repeat","background-position":"center center","background-size":"auto","background-attachment":"scroll","background-type":"","background-media":"","overlay-type":"","overlay-color":"","overlay-opacity":"","overlay-gradient":""},"tablet":{"background-color":"var(--ast-global-color-5)","background-image":"","background-repeat":"repeat","background-position":"center center","background-size":"auto","background-attachment":"scroll","background-type":"","background-media":"","overlay-type":"","overlay-color":"","overlay-opacity":"","overlay-gradient":""},"mobile":{"background-color":"var(--ast-global-color-5)","background-image":"","background-repeat":"repeat","background-position":"center center","background-size":"auto","background-attachment":"scroll","background-type":"","background-media":"","overlay-type":"","overlay-color":"","overlay-opacity":"","overlay-gradient":""}},"footnotes":""},"class_list":["post-1000","page","type-page","status-publish","hentry"],"_links":{"self":[{"href":"https:\/\/voltgrid.ro\/en\/wp-json\/wp\/v2\/pages\/1000","targetHints":{"allow":["GET"]}}],"collection":[{"href":"https:\/\/voltgrid.ro\/en\/wp-json\/wp\/v2\/pages"}],"about":[{"href":"https:\/\/voltgrid.ro\/en\/wp-json\/wp\/v2\/types\/page"}],"author":[{"embeddable":true,"href":"https:\/\/voltgrid.ro\/en\/wp-json\/wp\/v2\/users\/1"}],"replies":[{"embeddable":true,"href":"https:\/\/voltgrid.ro\/en\/wp-json\/wp\/v2\/comments?post=1000"}],"version-history":[{"count":0,"href":"https:\/\/voltgrid.ro\/en\/wp-json\/wp\/v2\/pages\/1000\/revisions"}],"up":[{"embeddable":true,"href":"https:\/\/voltgrid.ro\/en\/wp-json\/wp\/v2\/pages\/1004"}],"wp:attachment":[{"href":"https:\/\/voltgrid.ro\/en\/wp-json\/wp\/v2\/media?parent=1000"}],"curies":[{"name":"wp","href":"https:\/\/api.w.org\/{rel}","templated":true}]}}