{"id":1533,"date":"2023-03-12T15:19:43","date_gmt":"2023-03-12T13:19:43","guid":{"rendered":"https:\/\/voltgrid.ro\/?page_id=1533"},"modified":"2023-09-10T22:34:04","modified_gmt":"2023-09-10T19:34:04","slug":"instalatii-electrice","status":"publish","type":"page","link":"https:\/\/voltgrid.ro\/en\/servicii\/instalatii-electrice\/","title":{"rendered":"Electrical installations"},"content":{"rendered":"<div data-elementor-type=\"wp-page\" data-elementor-id=\"1533\" class=\"elementor elementor-1533\">\n\t\t\t\t\t\t<section class=\"elementor-section elementor-top-section elementor-element elementor-element-1680f6a4 elementor-section-boxed elementor-section-height-default elementor-section-height-default\" data-id=\"1680f6a4\" data-element_type=\"section\" data-e-type=\"section\" data-settings=\"{&quot;background_background&quot;:&quot;classic&quot;}\">\n\t\t\t\t\t\t<div class=\"elementor-container elementor-column-gap-default\">\n\t\t\t\t\t<div class=\"elementor-column elementor-col-100 elementor-top-column elementor-element elementor-element-41c43425\" data-id=\"41c43425\" data-element_type=\"column\" data-e-type=\"column\">\n\t\t\t<div class=\"elementor-widget-wrap elementor-element-populated\">\n\t\t\t\t\t\t<div class=\"elementor-element elementor-element-7f6c6cfb elementor-view-default elementor-widget elementor-widget-icon\" data-id=\"7f6c6cfb\" data-element_type=\"widget\" data-e-type=\"widget\" data-widget_type=\"icon.default\">\n\t\t\t\t<div class=\"elementor-widget-container\">\n\t\t\t\t\t\t\t<div class=\"elementor-icon-wrapper\">\n\t\t\t<div class=\"elementor-icon\">\n\t\t\t<i aria-hidden=\"true\" class=\"fas fa-chevron-down\"><\/i>\t\t\t<\/div>\n\t\t<\/div>\n\t\t\t\t\t\t<\/div>\n\t\t\t\t<\/div>\n\t\t\t\t<div class=\"elementor-element elementor-element-36089673 elementor-widget elementor-widget-heading\" data-id=\"36089673\" data-element_type=\"widget\" data-e-type=\"widget\" data-widget_type=\"heading.default\">\n\t\t\t\t<div class=\"elementor-widget-container\">\n\t\t\t\t\t<h2 class=\"elementor-heading-title elementor-size-default\">Electrical installations\n<\/h2>\t\t\t\t<\/div>\n\t\t\t\t<\/div>\n\t\t\t\t<div class=\"elementor-element elementor-element-57eda953 elementor-widget elementor-widget-text-editor\" data-id=\"57eda953\" data-element_type=\"widget\" data-e-type=\"widget\" data-widget_type=\"text-editor.default\">\n\t\t\t\t<div class=\"elementor-widget-container\">\n\t\t\t\t\t\t\t\t\t<p>Electrical installations are complex systems of conductors and electrical appliances, which are designed and built to transport electrical energy from power sources to consumers. They are used in a wide range of applications, from residential and commercial buildings to industries and critical infrastructure such as power plants, hospitals and airports.<\/p>\n<p>A standard electrical installation consists of a system of cables, sockets, switches and fuses, which allow the flow of electric current between power sources and consumer devices. The power system can be powered from the public power grid or it can be its own generator, such as a solar panel or a diesel generator.<\/p>\n<p>An important aspect of electrical installations is safety. To prevent accidents and fires, they must be designed and built in accordance with local and national safety standards and regulations. In addition, they must be regularly maintained and checked to ensure that all components are in good working order and that there are no safety issues.<\/p>\t\t\t\t\t\t\t\t<\/div>\n\t\t\t\t<\/div>\n\t\t\t\t<div class=\"elementor-element elementor-element-b475d22 elementor-align-center elementor-widget elementor-widget-button\" data-id=\"b475d22\" data-element_type=\"widget\" data-e-type=\"widget\" data-widget_type=\"button.default\">\n\t\t\t\t<div class=\"elementor-widget-container\">\n\t\t\t\t\t\t\t\t\t<div class=\"elementor-button-wrapper\">\n\t\t\t\t\t<a class=\"elementor-button elementor-button-link elementor-size-sm\" href=\"\/en\/contact\/\">\n\t\t\t\t\t\t<span class=\"elementor-button-content-wrapper\">\n\t\t\t\t\t\t\t\t\t<span class=\"elementor-button-text\">Get offer<\/span>\n\t\t\t\t\t<\/span>\n\t\t\t\t\t<\/a>\n\t\t\t\t<\/div>\n\t\t\t\t\t\t\t\t<\/div>\n\t\t\t\t<\/div>\n\t\t\t\t<div class=\"elementor-element elementor-element-b738c2f elementor-widget elementor-widget-spacer\" data-id=\"b738c2f\" data-element_type=\"widget\" data-e-type=\"widget\" data-widget_type=\"spacer.default\">\n\t\t\t\t<div class=\"elementor-widget-container\">\n\t\t\t\t\t\t\t<div class=\"elementor-spacer\">\n\t\t\t<div class=\"elementor-spacer-inner\"><\/div>\n\t\t<\/div>\n\t\t\t\t\t\t<\/div>\n\t\t\t\t<\/div>\n\t\t\t\t\t<\/div>\n\t\t<\/div>\n\t\t\t\t\t<\/div>\n\t\t<\/section>\n\t\t\t\t<section class=\"elementor-section elementor-top-section elementor-element elementor-element-41794343 elementor-reverse-tablet elementor-reverse-mobile elementor-section-boxed elementor-section-height-default elementor-section-height-default\" data-id=\"41794343\" data-element_type=\"section\" data-e-type=\"section\" data-settings=\"{&quot;background_background&quot;:&quot;classic&quot;}\">\n\t\t\t\t\t\t<div class=\"elementor-container elementor-column-gap-no\">\n\t\t\t\t\t<div class=\"elementor-column elementor-col-50 elementor-top-column elementor-element elementor-element-3fb0c2d0\" data-id=\"3fb0c2d0\" data-element_type=\"column\" data-e-type=\"column\" data-settings=\"{&quot;background_background&quot;:&quot;classic&quot;}\">\n\t\t\t<div class=\"elementor-widget-wrap elementor-element-populated\">\n\t\t\t\t\t<div class=\"elementor-background-overlay\"><\/div>\n\t\t\t\t\t\t<div class=\"elementor-element elementor-element-4de54968 elementor-widget elementor-widget-image\" data-id=\"4de54968\" data-element_type=\"widget\" data-e-type=\"widget\" data-widget_type=\"image.default\">\n\t\t\t\t<div class=\"elementor-widget-container\">\n\t\t\t\t\t\t\t\t\t\t\t\t\t\t\t\t<a href=\"https:\/\/voltgrid.ro\/wp-content\/uploads\/2023\/09\/IMG-20230312-WA0002.jpg\" data-elementor-open-lightbox=\"yes\" data-elementor-lightbox-title=\"IMG-20230312-WA0002.jpg\" data-e-action-hash=\"#elementor-action%3Aaction%3Dlightbox%26settings%3DeyJpZCI6MjU5NywidXJsIjoiaHR0cHM6XC9cL3ZvbHRncmlkLnJvXC93cC1jb250ZW50XC91cGxvYWRzXC8yMDIzXC8wOVwvSU1HLTIwMjMwMzEyLVdBMDAwMi5qcGcifQ%3D%3D\">\n\t\t\t\t\t\t\t<img fetchpriority=\"high\" decoding=\"async\" width=\"2048\" height=\"1536\" src=\"https:\/\/voltgrid.ro\/wp-content\/uploads\/2023\/09\/IMG-20230312-WA0002.jpg\" class=\"attachment-full size-full wp-image-2597\" alt=\"VoltGrid Fotovoltaice\" srcset=\"https:\/\/voltgrid.ro\/wp-content\/uploads\/2023\/09\/IMG-20230312-WA0002.jpg 2048w, https:\/\/voltgrid.ro\/wp-content\/uploads\/2023\/09\/IMG-20230312-WA0002-600x450.jpg 600w, https:\/\/voltgrid.ro\/wp-content\/uploads\/2023\/09\/IMG-20230312-WA0002-450x338.jpg 450w, https:\/\/voltgrid.ro\/wp-content\/uploads\/2023\/09\/IMG-20230312-WA0002-1200x900.jpg 1200w, https:\/\/voltgrid.ro\/wp-content\/uploads\/2023\/09\/IMG-20230312-WA0002-768x576.jpg 768w, https:\/\/voltgrid.ro\/wp-content\/uploads\/2023\/09\/IMG-20230312-WA0002-1536x1152.jpg 1536w\" sizes=\"(max-width: 2048px) 100vw, 2048px\" title=\"\">\t\t\t\t\t\t\t\t<\/a>\n\t\t\t\t\t\t\t\t\t\t\t\t\t\t\t<\/div>\n\t\t\t\t<\/div>\n\t\t\t\t\t<\/div>\n\t\t<\/div>\n\t\t\t\t<div class=\"elementor-column elementor-col-50 elementor-top-column elementor-element elementor-element-5cc1b545\" data-id=\"5cc1b545\" data-element_type=\"column\" data-e-type=\"column\">\n\t\t\t<div class=\"elementor-widget-wrap elementor-element-populated\">\n\t\t\t\t\t\t<div class=\"elementor-element elementor-element-159a7579 elementor-widget elementor-widget-text-editor\" data-id=\"159a7579\" data-element_type=\"widget\" data-e-type=\"widget\" data-widget_type=\"text-editor.default\">\n\t\t\t\t<div class=\"elementor-widget-container\">\n\t\t\t\t\t\t\t\t\t<p>In an electrical installation, cables are used to carry electrical energy between power sources and consumers.<br \/>They should be selected according to the maximum current they can safely carry and the distance between the power supplies<br \/>and consumers. Cables must also be protected against mechanical damage such as scratches and cuts to prevent<br \/>short circuits.<\/p>\n<p>Sockets and switches are important components of electrical installations. Sockets are used to connect consumer devices to the power source, while switches are used to break or open electrical circuits. These components must be designed and built to safety standards and be regularly maintained to ensure they are functional and safe.<\/p>\n<p>Fuses are used to protect electrical cables and appliances against overcurrent. They are designed to trip if the electrical current exceeds a specified value to prevent fires and other safety issues. Fuses must be selected based on the maximum current they can protect and must be replaced periodically to ensure they are functional.<\/p>\n<p>In conclusion, electrical installations are essential to ensure the supply of electricity<\/p>\t\t\t\t\t\t\t\t<\/div>\n\t\t\t\t<\/div>\n\t\t\t\t\t<\/div>\n\t\t<\/div>\n\t\t\t\t\t<\/div>\n\t\t<\/section>\n\t\t\t\t<section class=\"elementor-section elementor-top-section elementor-element elementor-element-3343c072 elementor-section-boxed elementor-section-height-default elementor-section-height-default\" data-id=\"3343c072\" data-element_type=\"section\" data-e-type=\"section\" data-settings=\"{&quot;background_background&quot;:&quot;classic&quot;}\">\n\t\t\t\t\t\t<div class=\"elementor-container elementor-column-gap-no\">\n\t\t\t\t\t<div class=\"elementor-column elementor-col-50 elementor-top-column elementor-element elementor-element-6c28f493\" data-id=\"6c28f493\" data-element_type=\"column\" data-e-type=\"column\" data-settings=\"{&quot;background_background&quot;:&quot;classic&quot;}\">\n\t\t\t<div class=\"elementor-widget-wrap elementor-element-populated\">\n\t\t\t\t\t<div class=\"elementor-background-overlay\"><\/div>\n\t\t\t\t\t\t<div class=\"elementor-element elementor-element-e5f9abf elementor-widget elementor-widget-text-editor\" data-id=\"e5f9abf\" data-element_type=\"widget\" data-e-type=\"widget\" data-widget_type=\"text-editor.default\">\n\t\t\t\t<div class=\"elementor-widget-container\">\n\t\t\t\t\t\t\t\t\t<p>Electrical installations are a critical part of any building or property, being responsible for providing the electricity needed to power all electrical equipment and devices. Therefore, any problem with electrical installations can have a significant negative impact on the operation of the building or property.<\/p>\n<p>At our company, we specialize in installation solutions, consulting and technical support for any problem related to electrical installations. We have a team of qualified experts and state-of-the-art equipment to provide fast and quality solutions, whether it&#039;s checking the condition of electrical installations, repairing them or rebuilding them from scratch.<\/p>\n<p>We offer complete installation and maintenance services for all types of electrical installations, including lighting installations, electrical outlets, air conditioning installations and more. Our team of experts are well trained to provide customized solutions for each client&#039;s specific needs, ensuring that all our facilities are designed and implemented with best practice and the highest safety standards.<\/p>\t\t\t\t\t\t\t\t<\/div>\n\t\t\t\t<\/div>\n\t\t\t\t\t<\/div>\n\t\t<\/div>\n\t\t\t\t<div class=\"elementor-column elementor-col-50 elementor-top-column elementor-element elementor-element-4de6e1d4\" data-id=\"4de6e1d4\" data-element_type=\"column\" data-e-type=\"column\">\n\t\t\t<div class=\"elementor-widget-wrap elementor-element-populated\">\n\t\t\t\t\t\t<div class=\"elementor-element elementor-element-490a6b28 elementor-widget elementor-widget-image\" data-id=\"490a6b28\" data-element_type=\"widget\" data-e-type=\"widget\" data-widget_type=\"image.default\">\n\t\t\t\t<div class=\"elementor-widget-container\">\n\t\t\t\t\t\t\t\t\t\t\t\t\t\t\t\t<a href=\"https:\/\/voltgrid.ro\/wp-content\/uploads\/2023\/03\/WhatsApp-Image-2023-03-02-at-09.45.21.jpg\" data-elementor-open-lightbox=\"yes\" data-elementor-lightbox-title=\"Lucian\" data-e-action-hash=\"#elementor-action%3Aaction%3Dlightbox%26settings%3DeyJpZCI6MTYzOSwidXJsIjoiaHR0cHM6XC9cL3ZvbHRncmlkLnJvXC93cC1jb250ZW50XC91cGxvYWRzXC8yMDIzXC8wM1wvV2hhdHNBcHAtSW1hZ2UtMjAyMy0wMy0wMi1hdC0wOS40NS4yMS5qcGcifQ%3D%3D\">\n\t\t\t\t\t\t\t<img decoding=\"async\" width=\"2048\" height=\"1536\" src=\"https:\/\/voltgrid.ro\/wp-content\/uploads\/2023\/03\/WhatsApp-Image-2023-03-02-at-09.45.21.jpg\" class=\"attachment-full size-full wp-image-1639\" alt=\"Instalatii electrice\" srcset=\"https:\/\/voltgrid.ro\/wp-content\/uploads\/2023\/03\/WhatsApp-Image-2023-03-02-at-09.45.21.jpg 2048w, https:\/\/voltgrid.ro\/wp-content\/uploads\/2023\/03\/WhatsApp-Image-2023-03-02-at-09.45.21-600x450.jpg 600w, https:\/\/voltgrid.ro\/wp-content\/uploads\/2023\/03\/WhatsApp-Image-2023-03-02-at-09.45.21-300x225.jpg 300w, https:\/\/voltgrid.ro\/wp-content\/uploads\/2023\/03\/WhatsApp-Image-2023-03-02-at-09.45.21-1024x768.jpg 1024w, https:\/\/voltgrid.ro\/wp-content\/uploads\/2023\/03\/WhatsApp-Image-2023-03-02-at-09.45.21-768x576.jpg 768w, https:\/\/voltgrid.ro\/wp-content\/uploads\/2023\/03\/WhatsApp-Image-2023-03-02-at-09.45.21-1536x1152.jpg 1536w\" sizes=\"(max-width: 2048px) 100vw, 2048px\" title=\"\">\t\t\t\t\t\t\t\t<\/a>\n\t\t\t\t\t\t\t\t\t\t\t\t\t\t\t<\/div>\n\t\t\t\t<\/div>\n\t\t\t\t\t<\/div>\n\t\t<\/div>\n\t\t\t\t\t<\/div>\n\t\t<\/section>\n\t\t\t\t<section class=\"elementor-section elementor-top-section elementor-element elementor-element-a388e12 elementor-reverse-tablet elementor-reverse-mobile elementor-section-boxed elementor-section-height-default elementor-section-height-default\" data-id=\"a388e12\" data-element_type=\"section\" data-e-type=\"section\" data-settings=\"{&quot;background_background&quot;:&quot;classic&quot;}\">\n\t\t\t\t\t\t<div class=\"elementor-container elementor-column-gap-no\">\n\t\t\t\t\t<div class=\"elementor-column elementor-col-50 elementor-top-column elementor-element elementor-element-3de759c\" data-id=\"3de759c\" data-element_type=\"column\" data-e-type=\"column\" data-settings=\"{&quot;background_background&quot;:&quot;classic&quot;}\">\n\t\t\t<div class=\"elementor-widget-wrap elementor-element-populated\">\n\t\t\t\t\t<div class=\"elementor-background-overlay\"><\/div>\n\t\t\t\t\t\t<div class=\"elementor-element elementor-element-b266345 elementor-widget elementor-widget-image\" data-id=\"b266345\" data-element_type=\"widget\" data-e-type=\"widget\" data-widget_type=\"image.default\">\n\t\t\t\t<div class=\"elementor-widget-container\">\n\t\t\t\t\t\t\t\t\t\t\t\t\t\t\t\t<a href=\"https:\/\/voltgrid.ro\/wp-content\/uploads\/2023\/03\/IMG-20230312-WA0003.jpg\" data-elementor-open-lightbox=\"yes\" data-elementor-lightbox-title=\"instalatii electrice\" data-e-action-hash=\"#elementor-action%3Aaction%3Dlightbox%26settings%3DeyJpZCI6MTUzOSwidXJsIjoiaHR0cHM6XC9cL3ZvbHRncmlkLnJvXC93cC1jb250ZW50XC91cGxvYWRzXC8yMDIzXC8wM1wvSU1HLTIwMjMwMzEyLVdBMDAwMy5qcGcifQ%3D%3D\">\n\t\t\t\t\t\t\t<img decoding=\"async\" width=\"1536\" height=\"2048\" src=\"https:\/\/voltgrid.ro\/wp-content\/uploads\/2023\/03\/IMG-20230312-WA0003.jpg\" class=\"attachment-full size-full wp-image-1539\" alt=\"tablou electric\" srcset=\"https:\/\/voltgrid.ro\/wp-content\/uploads\/2023\/03\/IMG-20230312-WA0003.jpg 1536w, https:\/\/voltgrid.ro\/wp-content\/uploads\/2023\/03\/IMG-20230312-WA0003-600x800.jpg 600w, https:\/\/voltgrid.ro\/wp-content\/uploads\/2023\/03\/IMG-20230312-WA0003-225x300.jpg 225w, https:\/\/voltgrid.ro\/wp-content\/uploads\/2023\/03\/IMG-20230312-WA0003-768x1024.jpg 768w, https:\/\/voltgrid.ro\/wp-content\/uploads\/2023\/03\/IMG-20230312-WA0003-1152x1536.jpg 1152w\" sizes=\"(max-width: 1536px) 100vw, 1536px\" title=\"\">\t\t\t\t\t\t\t\t<\/a>\n\t\t\t\t\t\t\t\t\t\t\t\t\t\t\t<\/div>\n\t\t\t\t<\/div>\n\t\t\t\t\t<\/div>\n\t\t<\/div>\n\t\t\t\t<div class=\"elementor-column elementor-col-50 elementor-top-column elementor-element elementor-element-fa88ace\" data-id=\"fa88ace\" data-element_type=\"column\" data-e-type=\"column\">\n\t\t\t<div class=\"elementor-widget-wrap elementor-element-populated\">\n\t\t\t\t\t\t<div class=\"elementor-element elementor-element-0d68d28 elementor-widget elementor-widget-text-editor\" data-id=\"0d68d28\" data-element_type=\"widget\" data-e-type=\"widget\" data-widget_type=\"text-editor.default\">\n\t\t\t\t<div class=\"elementor-widget-container\">\n\t\t\t\t\t\t\t\t\t<p>We also specialize in electrical installation automation solutions, helping our customers control their electrical installations remotely for more efficient management and energy savings. Installing an automation system can significantly reduce energy bills and make your home or property much more comfortable.<\/p>\n<p>Our mission is to provide professional and quality solutions for any problem related to electrical installations, regardless of the size or complexity of the project. We strive to always be up to date with the latest technologies and practices so that we can offer innovative and sustainable solutions.<\/p>\n<p>We are dedicated to meeting the needs of our customers and are proud to be considered a trusted partner in the field of electrical installations. For more information or to discuss your specific needs, please do not hesitate to contact us. We will be happy to help you with any problem related to electrical installations.<\/p>\n<p>\u00a0<\/p>\t\t\t\t\t\t\t\t<\/div>\n\t\t\t\t<\/div>\n\t\t\t\t\t<\/div>\n\t\t<\/div>\n\t\t\t\t\t<\/div>\n\t\t<\/section>\n\t\t\t\t<section class=\"elementor-section elementor-top-section elementor-element elementor-element-546e9d7f elementor-section-boxed elementor-section-height-default elementor-section-height-default\" data-id=\"546e9d7f\" data-element_type=\"section\" data-e-type=\"section\">\n\t\t\t\t\t\t<div class=\"elementor-container elementor-column-gap-default\">\n\t\t\t\t\t<div class=\"elementor-column elementor-col-100 elementor-top-column elementor-element elementor-element-46ef7186\" data-id=\"46ef7186\" data-element_type=\"column\" data-e-type=\"column\">\n\t\t\t<div class=\"elementor-widget-wrap elementor-element-populated\">\n\t\t\t\t\t\t<div class=\"elementor-element elementor-element-16c0a909 elementor-widget elementor-widget-heading\" data-id=\"16c0a909\" data-element_type=\"widget\" data-e-type=\"widget\" data-widget_type=\"heading.default\">\n\t\t\t\t<div class=\"elementor-widget-container\">\n\t\t\t\t\t<h2 class=\"elementor-heading-title elementor-size-default\">Need a free estimate?<\/h2>\t\t\t\t<\/div>\n\t\t\t\t<\/div>\n\t\t\t\t<div class=\"elementor-element elementor-element-7da89a70 elementor-widget elementor-widget-text-editor\" data-id=\"7da89a70\" data-element_type=\"widget\" data-e-type=\"widget\" data-widget_type=\"text-editor.default\">\n\t\t\t\t<div class=\"elementor-widget-container\">\n\t\t\t\t\t\t\t\t\t<p>Find out how you can save and benefit from our solutions - request a free estimate for our services.<\/p>\t\t\t\t\t\t\t\t<\/div>\n\t\t\t\t<\/div>\n\t\t\t\t<div class=\"elementor-element elementor-element-6d091cd6 elementor-widget__width-auto elementor-mobile-align-justify elementor-widget-mobile__width-inherit elementor-align-left elementor-widget elementor-widget-button\" data-id=\"6d091cd6\" data-element_type=\"widget\" data-e-type=\"widget\" data-widget_type=\"button.default\">\n\t\t\t\t<div class=\"elementor-widget-container\">\n\t\t\t\t\t\t\t\t\t<div class=\"elementor-button-wrapper\">\n\t\t\t\t\t<a class=\"elementor-button elementor-button-link elementor-size-sm\" href=\"\/en\/contact\/\">\n\t\t\t\t\t\t<span class=\"elementor-button-content-wrapper\">\n\t\t\t\t\t\t\t\t\t<span class=\"elementor-button-text\">Get offer<\/span>\n\t\t\t\t\t<\/span>\n\t\t\t\t\t<\/a>\n\t\t\t\t<\/div>\n\t\t\t\t\t\t\t\t<\/div>\n\t\t\t\t<\/div>\n\t\t\t\t<div class=\"elementor-element elementor-element-6a45e902 elementor-widget__width-auto elementor-mobile-align-justify elementor-widget-mobile__width-inherit elementor-align-left elementor-widget elementor-widget-button\" data-id=\"6a45e902\" data-element_type=\"widget\" data-e-type=\"widget\" data-widget_type=\"button.default\">\n\t\t\t\t<div class=\"elementor-widget-container\">\n\t\t\t\t\t\t\t\t\t<div class=\"elementor-button-wrapper\">\n\t\t\t\t\t<a class=\"elementor-button elementor-button-link elementor-size-sm\" href=\"tel:0040752834105\">\n\t\t\t\t\t\t<span class=\"elementor-button-content-wrapper\">\n\t\t\t\t\t\t<span class=\"elementor-button-icon\">\n\t\t\t\t<i aria-hidden=\"true\" class=\"fas fa-phone\"><\/i>\t\t\t<\/span>\n\t\t\t\t\t\t\t\t\t<span class=\"elementor-button-text\">Call now<\/span>\n\t\t\t\t\t<\/span>\n\t\t\t\t\t<\/a>\n\t\t\t\t<\/div>\n\t\t\t\t\t\t\t\t<\/div>\n\t\t\t\t<\/div>\n\t\t\t\t\t<\/div>\n\t\t<\/div>\n\t\t\t\t\t<\/div>\n\t\t<\/section>\n\t\t\t\t<\/div>\n\t\t\n    <div class=\"xs_social_share_widget xs_share_url after_content \t\tmain_content  wslu-style-1 wslu-share-box-shaped wslu-fill-colored wslu-none wslu-share-horizontal wslu-theme-font-no wslu-main_content\">\n\n\t\t\n        <ul>\n\t\t\t        <\/ul>\n    <\/div>","protected":false},"excerpt":{"rendered":"<p>Instala\u021bii electrice Instala\u021biile electrice sunt sisteme complexe de conductori \u0219i aparate electrice, care sunt proiectate \u0219i construite pentru a transporta energie electric\u0103 de la sursele de alimentare la consumatori. Acestea sunt utilizate \u00eentr-o gam\u0103 larg\u0103 de aplica\u021bii, de la cl\u0103diri reziden\u021biale \u0219i comerciale p\u00e2n\u0103 la industrii \u0219i infrastructur\u0103 critic\u0103, cum ar fi centralele electrice, spitalele [&hellip;]<\/p>\n","protected":false},"author":2,"featured_media":0,"parent":885,"menu_order":2,"comment_status":"closed","ping_status":"closed","template":"elementor_theme","meta":{"site-sidebar-layout":"no-sidebar","site-content-layout":"page-builder","ast-site-content-layout":"full-width-container","site-content-style":"unboxed","site-sidebar-style":"unboxed","ast-global-header-display":"","ast-banner-title-visibility":"","ast-main-header-display":"","ast-hfb-above-header-display":"","ast-hfb-below-header-display":"","ast-hfb-mobile-header-display":"","site-post-title":"disabled","ast-breadcrumbs-content":"","ast-featured-img":"disabled","footer-sml-layout":"","ast-disable-related-posts":"","theme-transparent-header-meta":"","adv-header-id-meta":"","stick-header-meta":"","header-above-stick-meta":"","header-main-stick-meta":"","header-below-stick-meta":"","astra-migrate-meta-layouts":"set","ast-page-background-enabled":"default","ast-page-background-meta":{"desktop":{"background-color":"","background-image":"","background-repeat":"repeat","background-position":"center center","background-size":"auto","background-attachment":"scroll","background-type":"","background-media":"","overlay-type":"","overlay-color":"","overlay-opacity":"","overlay-gradient":""},"tablet":{"background-color":"","background-image":"","background-repeat":"repeat","background-position":"center center","background-size":"auto","background-attachment":"scroll","background-type":"","background-media":"","overlay-type":"","overlay-color":"","overlay-opacity":"","overlay-gradient":""},"mobile":{"background-color":"","background-image":"","background-repeat":"repeat","background-position":"center center","background-size":"auto","background-attachment":"scroll","background-type":"","background-media":"","overlay-type":"","overlay-color":"","overlay-opacity":"","overlay-gradient":""}},"ast-content-background-meta":{"desktop":{"background-color":"var(--ast-global-color-5)","background-image":"","background-repeat":"repeat","background-position":"center center","background-size":"auto","background-attachment":"scroll","background-type":"","background-media":"","overlay-type":"","overlay-color":"","overlay-opacity":"","overlay-gradient":""},"tablet":{"background-color":"var(--ast-global-color-5)","background-image":"","background-repeat":"repeat","background-position":"center center","background-size":"auto","background-attachment":"scroll","background-type":"","background-media":"","overlay-type":"","overlay-color":"","overlay-opacity":"","overlay-gradient":""},"mobile":{"background-color":"var(--ast-global-color-5)","background-image":"","background-repeat":"repeat","background-position":"center center","background-size":"auto","background-attachment":"scroll","background-type":"","background-media":"","overlay-type":"","overlay-color":"","overlay-opacity":"","overlay-gradient":""}},"footnotes":""},"class_list":["post-1533","page","type-page","status-publish","hentry"],"_links":{"self":[{"href":"https:\/\/voltgrid.ro\/en\/wp-json\/wp\/v2\/pages\/1533","targetHints":{"allow":["GET"]}}],"collection":[{"href":"https:\/\/voltgrid.ro\/en\/wp-json\/wp\/v2\/pages"}],"about":[{"href":"https:\/\/voltgrid.ro\/en\/wp-json\/wp\/v2\/types\/page"}],"author":[{"embeddable":true,"href":"https:\/\/voltgrid.ro\/en\/wp-json\/wp\/v2\/users\/2"}],"replies":[{"embeddable":true,"href":"https:\/\/voltgrid.ro\/en\/wp-json\/wp\/v2\/comments?post=1533"}],"version-history":[{"count":0,"href":"https:\/\/voltgrid.ro\/en\/wp-json\/wp\/v2\/pages\/1533\/revisions"}],"up":[{"embeddable":true,"href":"https:\/\/voltgrid.ro\/en\/wp-json\/wp\/v2\/pages\/885"}],"wp:attachment":[{"href":"https:\/\/voltgrid.ro\/en\/wp-json\/wp\/v2\/media?parent=1533"}],"curies":[{"name":"wp","href":"https:\/\/api.w.org\/{rel}","templated":true}]}}