{"id":3754,"date":"2023-11-08T09:21:55","date_gmt":"2023-11-08T07:21:55","guid":{"rendered":"https:\/\/voltgrid.ro\/?post_type=product&#038;p=3754"},"modified":"2024-06-11T13:39:41","modified_gmt":"2024-06-11T10:39:41","slug":"panou-fotovoltaic-canadian-solar-600w-cs7l","status":"publish","type":"product","link":"https:\/\/voltgrid.ro\/en\/product\/panou-fotovoltaic-canadian-solar-600w-cs7l\/","title":{"rendered":"Photovoltaic panel Canadian Solar 600W CS7L"},"content":{"rendered":"<h3>Panou fotovoltaic Canadian Solar 600W<\/h3>\n<p>Panourile fotovoltaice <strong>Canadian Solar <\/strong>cu noile module <strong>SuperPower<\/strong> cu Celulele <strong>mono-PERC<\/strong> \u00eembun\u0103t\u0103\u021besc semnificativ eficien\u021ba \u0219i fiabilitatea. Tehnologia inovatoare ofer\u0103 performan\u021b\u0103 superioar\u0103 de iradiere sc\u0103zut\u0103 \u00een diminea\u021ba, seara \u0219i \u00een zilele \u00eennorate, cre\u0219terea produc\u021biei de energie a modulului \u0219i randamentul global al sistemului solar.<\/p>\n<p>Acesta este un produs fotovoltaic de calitate, produc\u0103torul oferind solu\u021bii de sisteme solare \u0219i servicii pentru clien\u021bi din \u00eentreaga lume. Ca dezvoltator de proiecte PV de v\u00e2rf \u0219i produc\u0103torul de module solare cu o capacitate de peste 25 GW \u00een \u00eentreaga lume din 2001, <strong>Canadian Solar<\/strong> Inc. este una dintre cele mai importante companii solare din \u00eentreaga lume.<\/p>\n<h3>Principalele avantaje<\/h3>\n<ul>\n<li><strong>11%<\/strong> mai multa putere fata de modelele conventionale<\/li>\n<li>Productie de energie crescuta datorita coeficientului de temperatura sc\u0103zut<\/li>\n<li>Cutie de jonctiune <strong>IP68<\/strong> pentru o rezistenta mai mare la conditiile meteorologice extreme<\/li>\n<li>Rezistenta mecanica de pana la <strong>5400 Pa<\/strong><\/li>\n<\/ul>\n<h3>Sumar date panou<\/h3>\n<ul>\n<li><strong>Aranjament celule<\/strong>:\u00a0120\u00a0[2 x (10\u00a0x 6)]<\/li>\n<li><strong>Randament panou<\/strong>: 21,2%<\/li>\n<li><strong>Dimensiuni panou<\/strong>: 2172 x 1303 x 35 mm<\/li>\n<li><strong>Greutate<\/strong>: 31 kg<\/li>\n<li><b>Unit\u0103\u021bi per\u00a0palet<\/b>: 31 buc\u0103\u021bi<\/li>\n<\/ul>\n\n    <div class=\"xs_social_share_widget xs_share_url after_content \t\tmain_content  wslu-style-1 wslu-share-box-shaped wslu-fill-colored wslu-none wslu-share-horizontal wslu-theme-font-no wslu-main_content\">\n\n\t\t\n        <ul>\n\t\t\t        <\/ul>\n    <\/div> \n","protected":false},"excerpt":{"rendered":"<p><strong>\u2713 Model: <\/strong>CS7L-600MS HiKu7<br \/>\n<strong>\u2713 Eficien\u021b\u0103:<\/strong> 21,2%<br \/>\n<strong>\u2713 Tehnologie<\/strong>: Monocristalin\u0103<br \/>\n<strong>\u2713 Garan\u021bie:<\/strong> 120 luni<br \/>\n<strong>\u2713 Aranjament celule:<\/strong> 120 [2 x (10 x 6)]<br \/>\n<strong>\u2713 Dimensiuni:<\/strong> 2172\u00d71303\u00d735mm<\/p>\n","protected":false},"featured_media":3049,"comment_status":"open","ping_status":"closed","template":"","meta":{"site-sidebar-layout":"default","site-content-layout":"","ast-site-content-layout":"default","site-content-style":"default","site-sidebar-style":"default","ast-global-header-display":"","ast-banner-title-visibility":"","ast-main-header-display":"","ast-hfb-above-header-display":"","ast-hfb-below-header-display":"","ast-hfb-mobile-header-display":"","site-post-title":"","ast-breadcrumbs-content":"","ast-featured-img":"","footer-sml-layout":"","ast-disable-related-posts":"","theme-transparent-header-meta":"default","adv-header-id-meta":"","stick-header-meta":"","header-above-stick-meta":"","header-main-stick-meta":"","header-below-stick-meta":"","astra-migrate-meta-layouts":"set","ast-page-background-enabled":"default","ast-page-background-meta":{"desktop":{"background-color":"","background-image":"","background-repeat":"repeat","background-position":"center center","background-size":"auto","background-attachment":"scroll","background-type":"","background-media":"","overlay-type":"","overlay-color":"","overlay-opacity":"","overlay-gradient":""},"tablet":{"background-color":"","background-image":"","background-repeat":"repeat","background-position":"center center","background-size":"auto","background-attachment":"scroll","background-type":"","background-media":"","overlay-type":"","overlay-color":"","overlay-opacity":"","overlay-gradient":""},"mobile":{"background-color":"","background-image":"","background-repeat":"repeat","background-position":"center center","background-size":"auto","background-attachment":"scroll","background-type":"","background-media":"","overlay-type":"","overlay-color":"","overlay-opacity":"","overlay-gradient":""}},"ast-content-background-meta":{"desktop":{"background-color":"var(--ast-global-color-5)","background-image":"","background-repeat":"repeat","background-position":"center center","background-size":"auto","background-attachment":"scroll","background-type":"","background-media":"","overlay-type":"","overlay-color":"","overlay-opacity":"","overlay-gradient":""},"tablet":{"background-color":"var(--ast-global-color-5)","background-image":"","background-repeat":"repeat","background-position":"center center","background-size":"auto","background-attachment":"scroll","background-type":"","background-media":"","overlay-type":"","overlay-color":"","overlay-opacity":"","overlay-gradient":""},"mobile":{"background-color":"var(--ast-global-color-5)","background-image":"","background-repeat":"repeat","background-position":"center center","background-size":"auto","background-attachment":"scroll","background-type":"","background-media":"","overlay-type":"","overlay-color":"","overlay-opacity":"","overlay-gradient":""}}},"pwb-brand":[68],"product_brand":[],"product_cat":[33],"product_tag":[210,194,234],"class_list":{"0":"post-3754","1":"product","2":"type-product","3":"status-publish","4":"has-post-thumbnail","6":"pwb-brand-canadian-solar","7":"product_cat-panouri-fotovoltaice","8":"product_tag-600w","9":"product_tag-monocristalin","10":"product_tag-panou-fotovoltaic","11":"product_shipping_class-voluminoase","12":"desktop-align-left","13":"tablet-align-left","14":"mobile-align-left","15":"ast-product-gallery-layout-horizontal-slider","16":"ast-product-gallery-with-no-image","17":"ast-product-tabs-layout-horizontal","18":"ast-qv-on-image","20":"first","21":"outofstock","22":"sale","23":"taxable","24":"shipping-taxable","25":"product-type-simple"},"brands":[{"id":68,"name":"Canadian Solar","slug":"canadian-solar"}],"_links":{"self":[{"href":"https:\/\/voltgrid.ro\/en\/wp-json\/wp\/v2\/product\/3754","targetHints":{"allow":["GET"]}}],"collection":[{"href":"https:\/\/voltgrid.ro\/en\/wp-json\/wp\/v2\/product"}],"about":[{"href":"https:\/\/voltgrid.ro\/en\/wp-json\/wp\/v2\/types\/product"}],"replies":[{"embeddable":true,"href":"https:\/\/voltgrid.ro\/en\/wp-json\/wp\/v2\/comments?post=3754"}],"version-history":[{"count":0,"href":"https:\/\/voltgrid.ro\/en\/wp-json\/wp\/v2\/product\/3754\/revisions"}],"wp:featuredmedia":[{"embeddable":true,"href":"https:\/\/voltgrid.ro\/en\/wp-json\/wp\/v2\/media\/3049"}],"wp:attachment":[{"href":"https:\/\/voltgrid.ro\/en\/wp-json\/wp\/v2\/media?parent=3754"}],"wp:term":[{"taxonomy":"pwb-brand","embeddable":true,"href":"https:\/\/voltgrid.ro\/en\/wp-json\/wp\/v2\/pwb-brand?post=3754"},{"taxonomy":"product_brand","embeddable":true,"href":"https:\/\/voltgrid.ro\/en\/wp-json\/wp\/v2\/product_brand?post=3754"},{"taxonomy":"product_cat","embeddable":true,"href":"https:\/\/voltgrid.ro\/en\/wp-json\/wp\/v2\/product_cat?post=3754"},{"taxonomy":"product_tag","embeddable":true,"href":"https:\/\/voltgrid.ro\/en\/wp-json\/wp\/v2\/product_tag?post=3754"}],"curies":[{"name":"wp","href":"https:\/\/api.w.org\/{rel}","templated":true}]}}